{"id":3192,"date":"2022-06-15T12:17:09","date_gmt":"2022-06-15T11:17:09","guid":{"rendered":"https:\/\/meditacaotranscendental.pt\/videos\/"},"modified":"2022-06-23T13:25:08","modified_gmt":"2022-06-23T12:25:08","slug":"videos","status":"publish","type":"page","link":"https:\/\/meditacaotranscendental.pt\/en\/videos\/","title":{"rendered":"Videos"},"content":{"rendered":"<div id=\"pl-3192\"  class=\"panel-layout\" ><div id=\"pg-3192-0\"  class=\"panel-grid panel-has-style\" ><div class=\"tablet-default mobile-1-in-row desktop-default panel-row-style panel-row-style-for-3192-0\" ><div id=\"pgc-3192-0-0\"  class=\"panel-grid-cell\" ><div id=\"panel-3192-0-0-0\" class=\"so-panel widget widget_text panel-first-child panel-last-child\" data-index=\"0\" ><div class=\"orion default panel-widget-style panel-widget-style-for-3192-0-0-0\" >\t\t\t<div class=\"textwidget\"><div class=\"epyt-gallery\" data-currpage=\"1\" id=\"epyt_gallery_97225\"><div class=\"epyt-video-wrapper\"><iframe  id=\"_ytid_14501\"   data-origwidth=\"800\" data-origheight=\"450\"  data-relstop=\"1\" src=\"https:\/\/www.youtube.com\/embed\/bUSoTSEYNwQ?enablejsapi=1&autoplay=0&cc_load_policy=0&cc_lang_pref=&iv_load_policy=1&loop=0&rel=0&fs=1&playsinline=0&autohide=2&theme=dark&color=red&controls=1&disablekb=0&\" class=\"__youtube_prefs__  __youtube_prefs_widget__  no-lazyload\" title=\"YouTube player\"  data-epytgalleryid=\"epyt_gallery_97225\"  allow=\"fullscreen; accelerometer; autoplay; clipboard-write; encrypted-media; gyroscope; picture-in-picture; web-share\" referrerpolicy=\"strict-origin-when-cross-origin\" allowfullscreen data-no-lazy=\"1\" data-skipgform_ajax_framebjll=\"\"><\/iframe><\/div><div class=\"epyt-gallery-list\"><div class=\"epyt-pagination \"><div tabindex=\"0\" role=\"button\" class=\"epyt-pagebutton epyt-prev  hide \" data-playlistid=\"UU32Y1kUrBRF_FjQTWw345Hg\" data-pagesize=\"15\" data-pagetoken=\"\" data-epcolumns=\"3\" data-showtitle=\"1\" data-showpaging=\"1\" data-autonext=\"0\" data-thumbplay=\"1\"><div class=\"epyt-arrow\">&laquo;<\/div> <div>Prev<\/div><\/div><div class=\"epyt-pagenumbers \"><div class=\"epyt-current\">1<\/div><div class=\"epyt-pageseparator\"> \/ <\/div><div class=\"epyt-totalpages\">3<\/div><\/div><div tabindex=\"0\" role=\"button\" class=\"epyt-pagebutton epyt-next\" data-playlistid=\"UU32Y1kUrBRF_FjQTWw345Hg\" data-pagesize=\"15\" data-pagetoken=\"EAAaHlBUOkNBOGlFRFU0TUVKR01EQkZNRFEzTVRWRE9FWQ\" data-epcolumns=\"3\" data-showtitle=\"1\" data-showpaging=\"1\" data-autonext=\"0\" data-thumbplay=\"1\"><div>Next<\/div> <div class=\"epyt-arrow\">&raquo;<\/div><\/div><div class=\"epyt-loader\"><img loading=\"lazy\" decoding=\"async\" alt=\"loading\" width=\"16\" height=\"11\" src=\"https:\/\/meditacaotranscendental.pt\/wp-content\/plugins\/youtube-embed-plus\/images\/gallery-page-loader.gif\"><\/div><\/div><div class=\"epyt-gallery-allthumbs  epyt-cols-3 \"><div tabindex=\"0\" role=\"button\" data-videoid=\"bUSoTSEYNwQ\" class=\"epyt-gallery-thumb\"><div class=\"epyt-gallery-img-box\"><div class=\"epyt-gallery-img\" style=\"background-image: url(https:\/\/i.ytimg.com\/vi\/bUSoTSEYNwQ\/hqdefault.jpg)\"><div class=\"epyt-gallery-playhover\"><img loading=\"lazy\" decoding=\"async\" alt=\"play\" class=\"epyt-play-img\" width=\"30\" height=\"23\" src=\"https:\/\/meditacaotranscendental.pt\/wp-content\/plugins\/youtube-embed-plus\/images\/playhover.png\" data-no-lazy=\"1\" data-skipgform_ajax_framebjll=\"\" \/><div class=\"epyt-gallery-playcrutch\"><\/div><\/div><\/div><\/div><div class=\"epyt-gallery-title\">Conversa sobre Medita\u00e7\u00e3o Transcendental no programa Prova Oral da Antena 3<\/div><\/div><div tabindex=\"0\" role=\"button\" data-videoid=\"cbBEkTIxQSc\" class=\"epyt-gallery-thumb\"><div class=\"epyt-gallery-img-box\"><div class=\"epyt-gallery-img\" style=\"background-image: url(https:\/\/i.ytimg.com\/vi\/cbBEkTIxQSc\/hqdefault.jpg)\"><div class=\"epyt-gallery-playhover\"><img loading=\"lazy\" decoding=\"async\" alt=\"play\" class=\"epyt-play-img\" width=\"30\" height=\"23\" src=\"https:\/\/meditacaotranscendental.pt\/wp-content\/plugins\/youtube-embed-plus\/images\/playhover.png\" data-no-lazy=\"1\" data-skipgform_ajax_framebjll=\"\" \/><div class=\"epyt-gallery-playcrutch\"><\/div><\/div><\/div><\/div><div class=\"epyt-gallery-title\">FRIENDS: Tempo de Sil\u00eancio da Escola Dr. Alberto Iria recebe visita de prof.as da Su\u00e9cia e Espanha<\/div><\/div><div tabindex=\"0\" role=\"button\" data-videoid=\"rrBZNktT918\" class=\"epyt-gallery-thumb\"><div class=\"epyt-gallery-img-box\"><div class=\"epyt-gallery-img\" style=\"background-image: url(https:\/\/i.ytimg.com\/vi\/rrBZNktT918\/hqdefault.jpg)\"><div class=\"epyt-gallery-playhover\"><img loading=\"lazy\" decoding=\"async\" alt=\"play\" class=\"epyt-play-img\" width=\"30\" height=\"23\" src=\"https:\/\/meditacaotranscendental.pt\/wp-content\/plugins\/youtube-embed-plus\/images\/playhover.png\" data-no-lazy=\"1\" data-skipgform_ajax_framebjll=\"\" \/><div class=\"epyt-gallery-playcrutch\"><\/div><\/div><\/div><\/div><div class=\"epyt-gallery-title\">FRIENDS: Dr. Alberto Iria School&#039;s Quiet Time receives visit from teachers from Sweden and Spain<\/div><\/div><div class=\"epyt-gallery-rowbreak\"><\/div><div tabindex=\"0\" role=\"button\" data-videoid=\"c-mINv26lrw\" class=\"epyt-gallery-thumb\"><div class=\"epyt-gallery-img-box\"><div class=\"epyt-gallery-img\" style=\"background-image: url(https:\/\/i.ytimg.com\/vi\/c-mINv26lrw\/hqdefault.jpg)\"><div class=\"epyt-gallery-playhover\"><img loading=\"lazy\" decoding=\"async\" alt=\"play\" class=\"epyt-play-img\" width=\"30\" height=\"23\" src=\"https:\/\/meditacaotranscendental.pt\/wp-content\/plugins\/youtube-embed-plus\/images\/playhover.png\" data-no-lazy=\"1\" data-skipgform_ajax_framebjll=\"\" \/><div class=\"epyt-gallery-playcrutch\"><\/div><\/div><\/div><\/div><div class=\"epyt-gallery-title\">FRIENDS: Um Momento de Sil\u00eancio que Transforma a Educa\u00e7\u00e3o | MT nas Escolas em It\u00e1lia<\/div><\/div><div tabindex=\"0\" role=\"button\" data-videoid=\"wPRfSyeLY1g\" class=\"epyt-gallery-thumb\"><div class=\"epyt-gallery-img-box\"><div class=\"epyt-gallery-img\" style=\"background-image: url(https:\/\/i.ytimg.com\/vi\/wPRfSyeLY1g\/hqdefault.jpg)\"><div class=\"epyt-gallery-playhover\"><img loading=\"lazy\" decoding=\"async\" alt=\"play\" class=\"epyt-play-img\" width=\"30\" height=\"23\" src=\"https:\/\/meditacaotranscendental.pt\/wp-content\/plugins\/youtube-embed-plus\/images\/playhover.png\" data-no-lazy=\"1\" data-skipgform_ajax_framebjll=\"\" \/><div class=\"epyt-gallery-playcrutch\"><\/div><\/div><\/div><\/div><div class=\"epyt-gallery-title\">FRIENDS: Tempo de Sil\u00eancio da Escola Dr. Alberto Iria recebe visita de professora de Madrid<\/div><\/div><div tabindex=\"0\" role=\"button\" data-videoid=\"AhghficnQHw\" class=\"epyt-gallery-thumb\"><div class=\"epyt-gallery-img-box\"><div class=\"epyt-gallery-img\" style=\"background-image: url(https:\/\/i.ytimg.com\/vi\/AhghficnQHw\/hqdefault.jpg)\"><div class=\"epyt-gallery-playhover\"><img loading=\"lazy\" decoding=\"async\" alt=\"play\" class=\"epyt-play-img\" width=\"30\" height=\"23\" src=\"https:\/\/meditacaotranscendental.pt\/wp-content\/plugins\/youtube-embed-plus\/images\/playhover.png\" data-no-lazy=\"1\" data-skipgform_ajax_framebjll=\"\" \/><div class=\"epyt-gallery-playcrutch\"><\/div><\/div><\/div><\/div><div class=\"epyt-gallery-title\">FRIENDS: Tempo de Sil\u00eancio da Escola Dr. Alberto Iria recebe visita do professor de MT Daniel Eloi<\/div><\/div><div class=\"epyt-gallery-rowbreak\"><\/div><div tabindex=\"0\" role=\"button\" data-videoid=\"Xi851AGztuU\" class=\"epyt-gallery-thumb\"><div class=\"epyt-gallery-img-box\"><div class=\"epyt-gallery-img\" style=\"background-image: url(https:\/\/i.ytimg.com\/vi\/Xi851AGztuU\/hqdefault.jpg)\"><div class=\"epyt-gallery-playhover\"><img loading=\"lazy\" decoding=\"async\" alt=\"play\" class=\"epyt-play-img\" width=\"30\" height=\"23\" src=\"https:\/\/meditacaotranscendental.pt\/wp-content\/plugins\/youtube-embed-plus\/images\/playhover.png\" data-no-lazy=\"1\" data-skipgform_ajax_framebjll=\"\" \/><div class=\"epyt-gallery-playcrutch\"><\/div><\/div><\/div><\/div><div class=\"epyt-gallery-title\">Know your Self to be everything - Dr Tony Nader<\/div><\/div><div tabindex=\"0\" role=\"button\" data-videoid=\"h2w7ps034AQ\" class=\"epyt-gallery-thumb\"><div class=\"epyt-gallery-img-box\"><div class=\"epyt-gallery-img\" style=\"background-image: url(https:\/\/i.ytimg.com\/vi\/h2w7ps034AQ\/hqdefault.jpg)\"><div class=\"epyt-gallery-playhover\"><img loading=\"lazy\" decoding=\"async\" alt=\"play\" class=\"epyt-play-img\" width=\"30\" height=\"23\" src=\"https:\/\/meditacaotranscendental.pt\/wp-content\/plugins\/youtube-embed-plus\/images\/playhover.png\" data-no-lazy=\"1\" data-skipgform_ajax_framebjll=\"\" \/><div class=\"epyt-gallery-playcrutch\"><\/div><\/div><\/div><\/div><div class=\"epyt-gallery-title\">FRIENDS: Tempo de Sil\u00eancio da Escola Dr. Alberto Iria recebe visita de professoras de Barcelona<\/div><\/div><div tabindex=\"0\" role=\"button\" data-videoid=\"jLBrASMrkhc\" class=\"epyt-gallery-thumb\"><div class=\"epyt-gallery-img-box\"><div class=\"epyt-gallery-img\" style=\"background-image: url(https:\/\/i.ytimg.com\/vi\/jLBrASMrkhc\/hqdefault.jpg)\"><div class=\"epyt-gallery-playhover\"><img loading=\"lazy\" decoding=\"async\" alt=\"play\" class=\"epyt-play-img\" width=\"30\" height=\"23\" src=\"https:\/\/meditacaotranscendental.pt\/wp-content\/plugins\/youtube-embed-plus\/images\/playhover.png\" data-no-lazy=\"1\" data-skipgform_ajax_framebjll=\"\" \/><div class=\"epyt-gallery-playcrutch\"><\/div><\/div><\/div><\/div><div class=\"epyt-gallery-title\">FRIENDS: Dr. Alberto Iria School&#039;s Quiet Time receives a visit from teachers from Barcelona<\/div><\/div><div class=\"epyt-gallery-rowbreak\"><\/div><div tabindex=\"0\" role=\"button\" data-videoid=\"vAzLpSh2gBA\" class=\"epyt-gallery-thumb\"><div class=\"epyt-gallery-img-box\"><div class=\"epyt-gallery-img\" style=\"background-image: url(https:\/\/i.ytimg.com\/vi\/vAzLpSh2gBA\/hqdefault.jpg)\"><div class=\"epyt-gallery-playhover\"><img loading=\"lazy\" decoding=\"async\" alt=\"play\" class=\"epyt-play-img\" width=\"30\" height=\"23\" src=\"https:\/\/meditacaotranscendental.pt\/wp-content\/plugins\/youtube-embed-plus\/images\/playhover.png\" data-no-lazy=\"1\" data-skipgform_ajax_framebjll=\"\" \/><div class=\"epyt-gallery-playcrutch\"><\/div><\/div><\/div><\/div><div class=\"epyt-gallery-title\">FRIENDS: Tempo de Sil\u00eancio da Escola Dr. Alberto Iria recebe visita de professores da Alemanha<\/div><\/div><div tabindex=\"0\" role=\"button\" data-videoid=\"xzDZkowioE8\" class=\"epyt-gallery-thumb\"><div class=\"epyt-gallery-img-box\"><div class=\"epyt-gallery-img\" style=\"background-image: url(https:\/\/i.ytimg.com\/vi\/xzDZkowioE8\/hqdefault.jpg)\"><div class=\"epyt-gallery-playhover\"><img loading=\"lazy\" decoding=\"async\" alt=\"play\" class=\"epyt-play-img\" width=\"30\" height=\"23\" src=\"https:\/\/meditacaotranscendental.pt\/wp-content\/plugins\/youtube-embed-plus\/images\/playhover.png\" data-no-lazy=\"1\" data-skipgform_ajax_framebjll=\"\" \/><div class=\"epyt-gallery-playcrutch\"><\/div><\/div><\/div><\/div><div class=\"epyt-gallery-title\">FRIENDS: Dr. Alberto Iria School&#039;s Quiet Time receives visit from teachers from Germany<\/div><\/div><div tabindex=\"0\" role=\"button\" data-videoid=\"SiqLylhj1vM\" class=\"epyt-gallery-thumb\"><div class=\"epyt-gallery-img-box\"><div class=\"epyt-gallery-img\" style=\"background-image: url(https:\/\/i.ytimg.com\/vi\/SiqLylhj1vM\/hqdefault.jpg)\"><div class=\"epyt-gallery-playhover\"><img loading=\"lazy\" decoding=\"async\" alt=\"play\" class=\"epyt-play-img\" width=\"30\" height=\"23\" src=\"https:\/\/meditacaotranscendental.pt\/wp-content\/plugins\/youtube-embed-plus\/images\/playhover.png\" data-no-lazy=\"1\" data-skipgform_ajax_framebjll=\"\" \/><div class=\"epyt-gallery-playcrutch\"><\/div><\/div><\/div><\/div><div class=\"epyt-gallery-title\">Dr Tony Nader MD, PhD, MARR - Uma Introdu\u00e7\u00e3o \u00e0 Medita\u00e7\u00e3o Transcendental<\/div><\/div><div class=\"epyt-gallery-rowbreak\"><\/div><div tabindex=\"0\" role=\"button\" data-videoid=\"fkYZfvSBf9Y\" class=\"epyt-gallery-thumb\"><div class=\"epyt-gallery-img-box\"><div class=\"epyt-gallery-img\" style=\"background-image: url(https:\/\/i.ytimg.com\/vi\/fkYZfvSBf9Y\/hqdefault.jpg)\"><div class=\"epyt-gallery-playhover\"><img loading=\"lazy\" decoding=\"async\" alt=\"play\" class=\"epyt-play-img\" width=\"30\" height=\"23\" src=\"https:\/\/meditacaotranscendental.pt\/wp-content\/plugins\/youtube-embed-plus\/images\/playhover.png\" data-no-lazy=\"1\" data-skipgform_ajax_framebjll=\"\" \/><div class=\"epyt-gallery-playcrutch\"><\/div><\/div><\/div><\/div><div class=\"epyt-gallery-title\">A atriz Cameron Diaz compartilha a sua experi\u00eancia com a Medita\u00e7\u00e3o Transcendental<\/div><\/div><div tabindex=\"0\" role=\"button\" data-videoid=\"lLF8LNe3LaE\" class=\"epyt-gallery-thumb\"><div class=\"epyt-gallery-img-box\"><div class=\"epyt-gallery-img\" style=\"background-image: url(https:\/\/i.ytimg.com\/vi\/lLF8LNe3LaE\/hqdefault.jpg)\"><div class=\"epyt-gallery-playhover\"><img loading=\"lazy\" decoding=\"async\" alt=\"play\" class=\"epyt-play-img\" width=\"30\" height=\"23\" src=\"https:\/\/meditacaotranscendental.pt\/wp-content\/plugins\/youtube-embed-plus\/images\/playhover.png\" data-no-lazy=\"1\" data-skipgform_ajax_framebjll=\"\" \/><div class=\"epyt-gallery-playcrutch\"><\/div><\/div><\/div><\/div><div class=\"epyt-gallery-title\">Val\u00e9ria Carvalho e a Medita\u00e7\u00e3o Transcendental<\/div><\/div><div tabindex=\"0\" role=\"button\" data-videoid=\"-iV28yq2c6Y\" class=\"epyt-gallery-thumb\"><div class=\"epyt-gallery-img-box\"><div class=\"epyt-gallery-img\" style=\"background-image: url(https:\/\/i.ytimg.com\/vi\/-iV28yq2c6Y\/hqdefault.jpg)\"><div class=\"epyt-gallery-playhover\"><img loading=\"lazy\" decoding=\"async\" alt=\"play\" class=\"epyt-play-img\" width=\"30\" height=\"23\" src=\"https:\/\/meditacaotranscendental.pt\/wp-content\/plugins\/youtube-embed-plus\/images\/playhover.png\" data-no-lazy=\"1\" data-skipgform_ajax_framebjll=\"\" \/><div class=\"epyt-gallery-playcrutch\"><\/div><\/div><\/div><\/div><div class=\"epyt-gallery-title\">Pedagogia 2030 - Sucesso, Inclus\u00e3o e Cidadania | Manuel Nora Fim<\/div><\/div><div class=\"epyt-gallery-rowbreak\"><\/div><div class=\"epyt-gallery-clear\"><\/div><\/div><div class=\"epyt-pagination \"><div tabindex=\"0\" role=\"button\" class=\"epyt-pagebutton epyt-prev  hide \" data-playlistid=\"UU32Y1kUrBRF_FjQTWw345Hg\" data-pagesize=\"15\" data-pagetoken=\"\" data-epcolumns=\"3\" data-showtitle=\"1\" data-showpaging=\"1\" data-autonext=\"0\" data-thumbplay=\"1\"><div class=\"epyt-arrow\">&laquo;<\/div> <div>Prev<\/div><\/div><div class=\"epyt-pagenumbers \"><div class=\"epyt-current\">1<\/div><div class=\"epyt-pageseparator\"> \/ <\/div><div class=\"epyt-totalpages\">3<\/div><\/div><div tabindex=\"0\" role=\"button\" class=\"epyt-pagebutton epyt-next\" data-playlistid=\"UU32Y1kUrBRF_FjQTWw345Hg\" data-pagesize=\"15\" data-pagetoken=\"EAAaHlBUOkNBOGlFRFU0TUVKR01EQkZNRFEzTVRWRE9FWQ\" data-epcolumns=\"3\" data-showtitle=\"1\" data-showpaging=\"1\" data-autonext=\"0\" data-thumbplay=\"1\"><div>Next<\/div> <div class=\"epyt-arrow\">&raquo;<\/div><\/div><div class=\"epyt-loader\"><img loading=\"lazy\" decoding=\"async\" alt=\"loading\" width=\"16\" height=\"11\" src=\"https:\/\/meditacaotranscendental.pt\/wp-content\/plugins\/youtube-embed-plus\/images\/gallery-page-loader.gif\"><\/div><\/div><\/div><\/div>\n<\/div>\n\t\t<\/div><\/div><\/div><\/div><\/div><\/div>","protected":false},"excerpt":{"rendered":"<p>&laquo; Prev1 \/ 3Next &raquo;Conversa sobre Medita\u00e7\u00e3o Transcendental no programa Prova Oral da Antena 3FRIENDS: Tempo de Sil\u00eancio da Escola Dr. Alberto Iria recebe visita de prof.as da Su\u00e9cia e<\/p>\n","protected":false},"author":3,"featured_media":0,"parent":0,"menu_order":0,"comment_status":"closed","ping_status":"closed","template":"","meta":{"iawp_total_views":137,"footnotes":""},"class_list":["post-3192","page","type-page","status-publish","hentry"],"yoast_head":"<!-- This site is optimized with the Yoast SEO plugin v27.4 - https:\/\/yoast.com\/product\/yoast-seo-wordpress\/ -->\n<title>Videos - Medita\u00e7\u00e3o Transcendental<\/title>\n<meta name=\"robots\" content=\"index, follow, max-snippet:-1, max-image-preview:large, max-video-preview:-1\" \/>\n<link rel=\"canonical\" href=\"https:\/\/meditacaotranscendental.pt\/en\/videos\/\" \/>\n<meta property=\"og:locale\" content=\"en_US\" \/>\n<meta property=\"og:type\" content=\"article\" \/>\n<meta property=\"og:title\" content=\"Videos - Medita\u00e7\u00e3o Transcendental\" \/>\n<meta property=\"og:description\" content=\"&laquo; Prev1 \/ 3Next &raquo;Conversa sobre Medita\u00e7\u00e3o Transcendental no programa Prova Oral da Antena 3FRIENDS: Tempo de Sil\u00eancio da Escola Dr. Alberto Iria recebe visita de prof.as da Su\u00e9cia e\" \/>\n<meta property=\"og:url\" content=\"https:\/\/meditacaotranscendental.pt\/en\/videos\/\" \/>\n<meta property=\"og:site_name\" content=\"Medita\u00e7\u00e3o Transcendental\" \/>\n<meta property=\"article:publisher\" content=\"https:\/\/www.facebook.com\/meditatranscendental\" \/>\n<meta property=\"article:modified_time\" content=\"2022-06-23T12:25:08+00:00\" \/>\n<meta name=\"twitter:card\" content=\"summary_large_image\" \/>\n<meta name=\"twitter:label1\" content=\"Est. reading time\" \/>\n\t<meta name=\"twitter:data1\" content=\"1 minute\" \/>\n<script type=\"application\/ld+json\" class=\"yoast-schema-graph\">{\"@context\":\"https:\\\/\\\/schema.org\",\"@graph\":[{\"@type\":\"WebPage\",\"@id\":\"https:\\\/\\\/meditacaotranscendental.pt\\\/en\\\/videos\\\/\",\"url\":\"https:\\\/\\\/meditacaotranscendental.pt\\\/en\\\/videos\\\/\",\"name\":\"Videos - Medita\u00e7\u00e3o Transcendental\",\"isPartOf\":{\"@id\":\"https:\\\/\\\/meditacaotranscendental.pt\\\/en\\\/#website\"},\"datePublished\":\"2022-06-15T11:17:09+00:00\",\"dateModified\":\"2022-06-23T12:25:08+00:00\",\"breadcrumb\":{\"@id\":\"https:\\\/\\\/meditacaotranscendental.pt\\\/en\\\/videos\\\/#breadcrumb\"},\"inLanguage\":\"en-US\",\"potentialAction\":[{\"@type\":\"ReadAction\",\"target\":[\"https:\\\/\\\/meditacaotranscendental.pt\\\/en\\\/videos\\\/\"]}]},{\"@type\":\"BreadcrumbList\",\"@id\":\"https:\\\/\\\/meditacaotranscendental.pt\\\/en\\\/videos\\\/#breadcrumb\",\"itemListElement\":[{\"@type\":\"ListItem\",\"position\":1,\"name\":\"In\u00edcio\",\"item\":\"https:\\\/\\\/meditacaotranscendental.pt\\\/en\\\/home\\\/\"},{\"@type\":\"ListItem\",\"position\":2,\"name\":\"Videos\"}]},{\"@type\":\"WebSite\",\"@id\":\"https:\\\/\\\/meditacaotranscendental.pt\\\/en\\\/#website\",\"url\":\"https:\\\/\\\/meditacaotranscendental.pt\\\/en\\\/\",\"name\":\"Medita\u00e7\u00e3o Transcendental\",\"description\":\"\",\"publisher\":{\"@id\":\"https:\\\/\\\/meditacaotranscendental.pt\\\/en\\\/#organization\"},\"potentialAction\":[{\"@type\":\"SearchAction\",\"target\":{\"@type\":\"EntryPoint\",\"urlTemplate\":\"https:\\\/\\\/meditacaotranscendental.pt\\\/en\\\/?s={search_term_string}\"},\"query-input\":{\"@type\":\"PropertyValueSpecification\",\"valueRequired\":true,\"valueName\":\"search_term_string\"}}],\"inLanguage\":\"en-US\"},{\"@type\":\"Organization\",\"@id\":\"https:\\\/\\\/meditacaotranscendental.pt\\\/en\\\/#organization\",\"name\":\"Medita\u00e7\u00e3o Transcendental Portugal\",\"url\":\"https:\\\/\\\/meditacaotranscendental.pt\\\/en\\\/\",\"logo\":{\"@type\":\"ImageObject\",\"inLanguage\":\"en-US\",\"@id\":\"https:\\\/\\\/meditacaotranscendental.pt\\\/en\\\/#\\\/schema\\\/logo\\\/image\\\/\",\"url\":\"https:\\\/\\\/meditacaotranscendental.pt\\\/wp-content\\\/uploads\\\/2021\\\/11\\\/mtlogo.png\",\"contentUrl\":\"https:\\\/\\\/meditacaotranscendental.pt\\\/wp-content\\\/uploads\\\/2021\\\/11\\\/mtlogo.png\",\"width\":120,\"height\":120,\"caption\":\"Medita\u00e7\u00e3o Transcendental Portugal\"},\"image\":{\"@id\":\"https:\\\/\\\/meditacaotranscendental.pt\\\/en\\\/#\\\/schema\\\/logo\\\/image\\\/\"},\"sameAs\":[\"https:\\\/\\\/www.facebook.com\\\/meditatranscendental\",\"https:\\\/\\\/www.youtube.com\\\/channel\\\/UC32Y1kUrBRF_FjQTWw345Hg\"]}]}<\/script>\n<!-- \/ Yoast SEO plugin. -->","yoast_head_json":{"title":"Videos - Medita\u00e7\u00e3o Transcendental","robots":{"index":"index","follow":"follow","max-snippet":"max-snippet:-1","max-image-preview":"max-image-preview:large","max-video-preview":"max-video-preview:-1"},"canonical":"https:\/\/meditacaotranscendental.pt\/en\/videos\/","og_locale":"en_US","og_type":"article","og_title":"Videos - Medita\u00e7\u00e3o Transcendental","og_description":"&laquo; Prev1 \/ 3Next &raquo;Conversa sobre Medita\u00e7\u00e3o Transcendental no programa Prova Oral da Antena 3FRIENDS: Tempo de Sil\u00eancio da Escola Dr. Alberto Iria recebe visita de prof.as da Su\u00e9cia e","og_url":"https:\/\/meditacaotranscendental.pt\/en\/videos\/","og_site_name":"Medita\u00e7\u00e3o Transcendental","article_publisher":"https:\/\/www.facebook.com\/meditatranscendental","article_modified_time":"2022-06-23T12:25:08+00:00","twitter_card":"summary_large_image","twitter_misc":{"Est. reading time":"1 minute"},"schema":{"@context":"https:\/\/schema.org","@graph":[{"@type":"WebPage","@id":"https:\/\/meditacaotranscendental.pt\/en\/videos\/","url":"https:\/\/meditacaotranscendental.pt\/en\/videos\/","name":"Videos - Medita\u00e7\u00e3o Transcendental","isPartOf":{"@id":"https:\/\/meditacaotranscendental.pt\/en\/#website"},"datePublished":"2022-06-15T11:17:09+00:00","dateModified":"2022-06-23T12:25:08+00:00","breadcrumb":{"@id":"https:\/\/meditacaotranscendental.pt\/en\/videos\/#breadcrumb"},"inLanguage":"en-US","potentialAction":[{"@type":"ReadAction","target":["https:\/\/meditacaotranscendental.pt\/en\/videos\/"]}]},{"@type":"BreadcrumbList","@id":"https:\/\/meditacaotranscendental.pt\/en\/videos\/#breadcrumb","itemListElement":[{"@type":"ListItem","position":1,"name":"In\u00edcio","item":"https:\/\/meditacaotranscendental.pt\/en\/home\/"},{"@type":"ListItem","position":2,"name":"Videos"}]},{"@type":"WebSite","@id":"https:\/\/meditacaotranscendental.pt\/en\/#website","url":"https:\/\/meditacaotranscendental.pt\/en\/","name":"Medita\u00e7\u00e3o Transcendental","description":"","publisher":{"@id":"https:\/\/meditacaotranscendental.pt\/en\/#organization"},"potentialAction":[{"@type":"SearchAction","target":{"@type":"EntryPoint","urlTemplate":"https:\/\/meditacaotranscendental.pt\/en\/?s={search_term_string}"},"query-input":{"@type":"PropertyValueSpecification","valueRequired":true,"valueName":"search_term_string"}}],"inLanguage":"en-US"},{"@type":"Organization","@id":"https:\/\/meditacaotranscendental.pt\/en\/#organization","name":"Medita\u00e7\u00e3o Transcendental Portugal","url":"https:\/\/meditacaotranscendental.pt\/en\/","logo":{"@type":"ImageObject","inLanguage":"en-US","@id":"https:\/\/meditacaotranscendental.pt\/en\/#\/schema\/logo\/image\/","url":"https:\/\/meditacaotranscendental.pt\/wp-content\/uploads\/2021\/11\/mtlogo.png","contentUrl":"https:\/\/meditacaotranscendental.pt\/wp-content\/uploads\/2021\/11\/mtlogo.png","width":120,"height":120,"caption":"Medita\u00e7\u00e3o Transcendental Portugal"},"image":{"@id":"https:\/\/meditacaotranscendental.pt\/en\/#\/schema\/logo\/image\/"},"sameAs":["https:\/\/www.facebook.com\/meditatranscendental","https:\/\/www.youtube.com\/channel\/UC32Y1kUrBRF_FjQTWw345Hg"]}]}},"_links":{"self":[{"href":"https:\/\/meditacaotranscendental.pt\/en\/wp-json\/wp\/v2\/pages\/3192","targetHints":{"allow":["GET"]}}],"collection":[{"href":"https:\/\/meditacaotranscendental.pt\/en\/wp-json\/wp\/v2\/pages"}],"about":[{"href":"https:\/\/meditacaotranscendental.pt\/en\/wp-json\/wp\/v2\/types\/page"}],"author":[{"embeddable":true,"href":"https:\/\/meditacaotranscendental.pt\/en\/wp-json\/wp\/v2\/users\/3"}],"replies":[{"embeddable":true,"href":"https:\/\/meditacaotranscendental.pt\/en\/wp-json\/wp\/v2\/comments?post=3192"}],"version-history":[{"count":1,"href":"https:\/\/meditacaotranscendental.pt\/en\/wp-json\/wp\/v2\/pages\/3192\/revisions"}],"predecessor-version":[{"id":3193,"href":"https:\/\/meditacaotranscendental.pt\/en\/wp-json\/wp\/v2\/pages\/3192\/revisions\/3193"}],"wp:attachment":[{"href":"https:\/\/meditacaotranscendental.pt\/en\/wp-json\/wp\/v2\/media?parent=3192"}],"curies":[{"name":"wp","href":"https:\/\/api.w.org\/{rel}","templated":true}]}}